{"id":2869,"date":"2025-02-07T01:34:53","date_gmt":"2025-02-07T01:34:53","guid":{"rendered":"https:\/\/consumidorestalcual.org\/staging-ctc\/?page_id=2869"},"modified":"2025-09-05T17:28:32","modified_gmt":"2025-09-05T17:28:32","slug":"novedades","status":"publish","type":"page","link":"https:\/\/consumidorestalcual.org\/staging-ctc\/novedades\/","title":{"rendered":"Novedades"},"content":{"rendered":"\t\t<div data-elementor-type=\"wp-page\" data-elementor-id=\"2869\" class=\"elementor elementor-2869\" data-elementor-post-type=\"page\">\n\t\t\t\t<section class=\"elementor-element elementor-element-191d0481 e-con-full e-flex e-con e-parent\" data-id=\"191d0481\" data-element_type=\"container\" data-e-type=\"container\">\n\t\t\t\t<div class=\"elementor-element elementor-element-76fcfb12 elementor-widget elementor-widget-image\" data-id=\"76fcfb12\" data-element_type=\"widget\" data-e-type=\"widget\" data-widget_type=\"image.default\">\n\t\t\t\t\t\t\t\t\t\t\t\t\t\t\t<img fetchpriority=\"high\" decoding=\"async\" width=\"1920\" height=\"500\" src=\"https:\/\/consumidorestalcual.org\/staging-ctc\/wp-content\/uploads\/2025\/04\/noticias.webp\" class=\"attachment-full size-full wp-image-3891\" alt=\"\" srcset=\"https:\/\/consumidorestalcual.org\/staging-ctc\/wp-content\/uploads\/2025\/04\/noticias.webp 1920w, https:\/\/consumidorestalcual.org\/staging-ctc\/wp-content\/uploads\/2025\/04\/noticias-300x78.webp 300w, https:\/\/consumidorestalcual.org\/staging-ctc\/wp-content\/uploads\/2025\/04\/noticias-1024x267.webp 1024w, https:\/\/consumidorestalcual.org\/staging-ctc\/wp-content\/uploads\/2025\/04\/noticias-768x200.webp 768w, https:\/\/consumidorestalcual.org\/staging-ctc\/wp-content\/uploads\/2025\/04\/noticias-1536x400.webp 1536w\" sizes=\"(max-width: 1920px) 100vw, 1920px\" \/>\t\t\t\t\t\t\t\t\t\t\t\t\t\t\t<\/div>\n\t\t\t\t<\/section>\n\t\t\t\t<section class=\"elementor-section elementor-top-section elementor-element elementor-element-3f8ded66 elementor-section-content-middle elementor-section-full_width elementor-section-height-default elementor-section-height-default\" data-id=\"3f8ded66\" data-element_type=\"section\" data-e-type=\"section\" data-settings=\"{&quot;background_background&quot;:&quot;classic&quot;}\">\n\t\t\t\t\t\t<div class=\"elementor-container elementor-column-gap-no\">\n\t\t\t\t\t<div class=\"elementor-column elementor-col-50 elementor-top-column elementor-element elementor-element-2c32080e\" data-id=\"2c32080e\" data-element_type=\"column\" data-e-type=\"column\" data-settings=\"{&quot;background_background&quot;:&quot;classic&quot;}\">\n\t\t\t<div class=\"elementor-widget-wrap elementor-element-populated\">\n\t\t\t\t\t\t<div class=\"elementor-element elementor-element-74f83e14 elementor-widget__width-inherit elementor-widget elementor-widget-image\" data-id=\"74f83e14\" data-element_type=\"widget\" data-e-type=\"widget\" data-widget_type=\"image.default\">\n\t\t\t\t\t\t\t\t\t\t\t\t\t\t\t<img decoding=\"async\" width=\"1920\" height=\"1440\" src=\"https:\/\/consumidorestalcual.org\/staging-ctc\/wp-content\/uploads\/2025\/02\/IMG_6651.webp\" class=\"attachment-full size-full wp-image-2899\" alt=\"\" srcset=\"https:\/\/consumidorestalcual.org\/staging-ctc\/wp-content\/uploads\/2025\/02\/IMG_6651.webp 1920w, https:\/\/consumidorestalcual.org\/staging-ctc\/wp-content\/uploads\/2025\/02\/IMG_6651-300x225.webp 300w, https:\/\/consumidorestalcual.org\/staging-ctc\/wp-content\/uploads\/2025\/02\/IMG_6651-1024x768.webp 1024w, https:\/\/consumidorestalcual.org\/staging-ctc\/wp-content\/uploads\/2025\/02\/IMG_6651-768x576.webp 768w, https:\/\/consumidorestalcual.org\/staging-ctc\/wp-content\/uploads\/2025\/02\/IMG_6651-1536x1152.webp 1536w\" sizes=\"(max-width: 1920px) 100vw, 1920px\" \/>\t\t\t\t\t\t\t\t\t\t\t\t\t\t\t<\/div>\n\t\t\t\t\t<\/div>\n\t\t<\/div>\n\t\t\t\t<div class=\"elementor-column elementor-col-50 elementor-top-column elementor-element elementor-element-3924a54\" data-id=\"3924a54\" data-element_type=\"column\" data-e-type=\"column\">\n\t\t\t<div class=\"elementor-widget-wrap elementor-element-populated\">\n\t\t\t\t\t\t<div class=\"elementor-element elementor-element-6d788504 elementor-widget elementor-widget-tg-heading\" data-id=\"6d788504\" data-element_type=\"widget\" data-e-type=\"widget\" data-widget_type=\"tg-heading.default\">\n\t\t\t\t<div class=\"elementor-widget-container\">\n\t\t\t\t\t\r\n        <div class=\"section-title\">\r\n\r\n            \r\n            <h2 class=\"title\">Descubra c\u00f3mo estamos trabajando por sus derechos con nuestros proyectos<\/h2>\r\n            \r\n        <\/div>\r\n\r\n\t\t\t\t<\/div>\n\t\t\t\t<\/div>\n\t\t\t\t<div class=\"elementor-element elementor-element-3c9d0aa1 elementor-widget__width-initial elementor-widget elementor-widget-heading\" data-id=\"3c9d0aa1\" data-element_type=\"widget\" data-e-type=\"widget\" data-widget_type=\"heading.default\">\n\t\t\t\t\t<p class=\"elementor-heading-title elementor-size-default\">Compartimos algunas acciones clave relacionadas con la exigencia de derechos y las pol\u00edticas de alimentaci\u00f3n.<\/p>\t\t\t\t<\/div>\n\t\t\t\t\t<\/div>\n\t\t<\/div>\n\t\t\t\t\t<\/div>\n\t\t<\/section>\n\t\t<div class=\"elementor-element elementor-element-e86b8d1 e-con-full e-flex e-con e-parent\" data-id=\"e86b8d1\" data-element_type=\"container\" data-e-type=\"container\">\n\t\t\t\t<div class=\"elementor-element elementor-element-c79fb99 elementor-widget elementor-widget-heading\" data-id=\"c79fb99\" data-element_type=\"widget\" data-e-type=\"widget\" data-widget_type=\"heading.default\">\n\t\t\t\t\t<h2 class=\"elementor-heading-title elementor-size-default\">Le contamos...<\/h2>\t\t\t\t<\/div>\n\t\t\t\t<div class=\"elementor-element elementor-element-d2de3d4 elementor-widget elementor-widget-heading\" data-id=\"d2de3d4\" data-element_type=\"widget\" data-e-type=\"widget\" data-widget_type=\"heading.default\">\n\t\t\t\t\t<p class=\"elementor-heading-title elementor-size-default\">Conozca lo que estamos haciendo en la Liga de Consumidores Con Tal Cual<\/p>\t\t\t\t<\/div>\n\t\t\t\t<div class=\"elementor-element elementor-element-042addd elementor-widget elementor-widget-blogpost\" data-id=\"042addd\" data-element_type=\"widget\" data-e-type=\"widget\" data-widget_type=\"blogpost.default\">\n\t\t\t\t<div class=\"elementor-widget-container\">\n\t\t\t\t\t\r\n\r\n\r\n\r\n<div class=\"row justify-content-center\">\r\n        <div class=\"col-lg-4 col-md-6 col-sm-10\">\r\n        <div class=\"blog-item-two blog-item-three\">\r\n\r\n                        <div class=\"blog-thumb-two\">\r\n                <a href=\"https:\/\/consumidorestalcual.org\/staging-ctc\/entrenamiento-13-mayo\/\">\r\n                    <img decoding=\"async\" width=\"1920\" height=\"1280\" src=\"https:\/\/consumidorestalcual.org\/staging-ctc\/wp-content\/uploads\/2025\/01\/DSCF6180.webp\" class=\"attachment-4029 size-4029 wp-post-image\" alt=\"\" full=\"\" srcset=\"https:\/\/consumidorestalcual.org\/staging-ctc\/wp-content\/uploads\/2025\/01\/DSCF6180.webp 1920w, https:\/\/consumidorestalcual.org\/staging-ctc\/wp-content\/uploads\/2025\/01\/DSCF6180-300x200.webp 300w, https:\/\/consumidorestalcual.org\/staging-ctc\/wp-content\/uploads\/2025\/01\/DSCF6180-1024x683.webp 1024w, https:\/\/consumidorestalcual.org\/staging-ctc\/wp-content\/uploads\/2025\/01\/DSCF6180-768x512.webp 768w, https:\/\/consumidorestalcual.org\/staging-ctc\/wp-content\/uploads\/2025\/01\/DSCF6180-1536x1024.webp 1536w\" sizes=\"(max-width: 1920px) 100vw, 1920px\" \/>                <\/a>\r\n            <\/div>\r\n            \r\n            <div class=\"blog-content-two\">\r\n\r\n                <div class=\"blog-meta\">\r\n                    <ul class=\"list-wrap\">\r\n                        <li><i class=\"fal fa-user\"><\/i><a\r\n                                href=\"https:\/\/consumidorestalcual.org\/staging-ctc\/author\/admin\/\">admin<\/a>\r\n                        <\/li>\r\n                        <li><i class=\"fal fa-calendar\"><\/i>May 13, 2025<\/li>\r\n                    <\/ul>\r\n                <\/div>\r\n\r\n                <h2 class=\"title\"><a\r\n                        href=\"https:\/\/consumidorestalcual.org\/staging-ctc\/entrenamiento-13-mayo\/\">\u00bfQu\u00e9 es la publicidad enga\u00f1osa?<\/a>\r\n                <\/h2>\r\n\r\n                            <\/div>\r\n        <\/div>\r\n    <\/div>\r\n        <div class=\"col-lg-4 col-md-6 col-sm-10\">\r\n        <div class=\"blog-item-two blog-item-three\">\r\n\r\n                        <div class=\"blog-thumb-two\">\r\n                <a href=\"https:\/\/consumidorestalcual.org\/staging-ctc\/por-que-es-importante-que-los-consumidores-exijamos-el-derecho-a-estar-informados\/\">\r\n                    <img loading=\"lazy\" decoding=\"async\" width=\"1920\" height=\"1280\" src=\"https:\/\/consumidorestalcual.org\/staging-ctc\/wp-content\/uploads\/2025\/01\/DSCF6180.webp\" class=\"attachment-3024 size-3024 wp-post-image\" alt=\"\" full=\"\" srcset=\"https:\/\/consumidorestalcual.org\/staging-ctc\/wp-content\/uploads\/2025\/01\/DSCF6180.webp 1920w, https:\/\/consumidorestalcual.org\/staging-ctc\/wp-content\/uploads\/2025\/01\/DSCF6180-300x200.webp 300w, https:\/\/consumidorestalcual.org\/staging-ctc\/wp-content\/uploads\/2025\/01\/DSCF6180-1024x683.webp 1024w, https:\/\/consumidorestalcual.org\/staging-ctc\/wp-content\/uploads\/2025\/01\/DSCF6180-768x512.webp 768w, https:\/\/consumidorestalcual.org\/staging-ctc\/wp-content\/uploads\/2025\/01\/DSCF6180-1536x1024.webp 1536w\" sizes=\"(max-width: 1920px) 100vw, 1920px\" \/>                <\/a>\r\n            <\/div>\r\n            \r\n            <div class=\"blog-content-two\">\r\n\r\n                <div class=\"blog-meta\">\r\n                    <ul class=\"list-wrap\">\r\n                        <li><i class=\"fal fa-user\"><\/i><a\r\n                                href=\"https:\/\/consumidorestalcual.org\/staging-ctc\/author\/admin\/\">admin<\/a>\r\n                        <\/li>\r\n                        <li><i class=\"fal fa-calendar\"><\/i>February 9, 2025<\/li>\r\n                    <\/ul>\r\n                <\/div>\r\n\r\n                <h2 class=\"title\"><a\r\n                        href=\"https:\/\/consumidorestalcual.org\/staging-ctc\/por-que-es-importante-que-los-consumidores-exijamos-el-derecho-a-estar-informados\/\">Garant\u00eda legal: \u00bfCu\u00e1les son los mecanismos<\/a>\r\n                <\/h2>\r\n\r\n                            <\/div>\r\n        <\/div>\r\n    <\/div>\r\n        <div class=\"col-lg-4 col-md-6 col-sm-10\">\r\n        <div class=\"blog-item-two blog-item-three\">\r\n\r\n                        <div class=\"blog-thumb-two\">\r\n                <a href=\"https:\/\/consumidorestalcual.org\/staging-ctc\/post-de-prueba-con-contenido-extenso\/\">\r\n                    <img loading=\"lazy\" decoding=\"async\" width=\"2560\" height=\"1706\" src=\"https:\/\/consumidorestalcual.org\/staging-ctc\/wp-content\/uploads\/2025\/02\/DSCF6235-scaled.webp\" class=\"attachment-2917 size-2917 wp-post-image\" alt=\"\" full=\"\" srcset=\"https:\/\/consumidorestalcual.org\/staging-ctc\/wp-content\/uploads\/2025\/02\/DSCF6235-scaled.webp 2560w, https:\/\/consumidorestalcual.org\/staging-ctc\/wp-content\/uploads\/2025\/02\/DSCF6235-300x200.webp 300w, https:\/\/consumidorestalcual.org\/staging-ctc\/wp-content\/uploads\/2025\/02\/DSCF6235-1024x683.webp 1024w, https:\/\/consumidorestalcual.org\/staging-ctc\/wp-content\/uploads\/2025\/02\/DSCF6235-768x512.webp 768w, https:\/\/consumidorestalcual.org\/staging-ctc\/wp-content\/uploads\/2025\/02\/DSCF6235-1536x1024.webp 1536w, https:\/\/consumidorestalcual.org\/staging-ctc\/wp-content\/uploads\/2025\/02\/DSCF6235-2048x1365.webp 2048w\" sizes=\"(max-width: 2560px) 100vw, 2560px\" \/>                <\/a>\r\n            <\/div>\r\n            \r\n            <div class=\"blog-content-two\">\r\n\r\n                <div class=\"blog-meta\">\r\n                    <ul class=\"list-wrap\">\r\n                        <li><i class=\"fal fa-user\"><\/i><a\r\n                                href=\"https:\/\/consumidorestalcual.org\/staging-ctc\/author\/admin\/\">admin<\/a>\r\n                        <\/li>\r\n                        <li><i class=\"fal fa-calendar\"><\/i>February 8, 2025<\/li>\r\n                    <\/ul>\r\n                <\/div>\r\n\r\n                <h2 class=\"title\"><a\r\n                        href=\"https:\/\/consumidorestalcual.org\/staging-ctc\/post-de-prueba-con-contenido-extenso\/\">Principios generales del derecho del consumo<\/a>\r\n                <\/h2>\r\n\r\n                            <\/div>\r\n        <\/div>\r\n    <\/div>\r\n        <div class=\"col-lg-4 col-md-6 col-sm-10\">\r\n        <div class=\"blog-item-two blog-item-three\">\r\n\r\n                        <div class=\"blog-thumb-two\">\r\n                <a href=\"https:\/\/consumidorestalcual.org\/staging-ctc\/designing-birthday-picker-ux-simpler-is-better\/\">\r\n                    <img loading=\"lazy\" decoding=\"async\" width=\"1920\" height=\"1280\" src=\"https:\/\/consumidorestalcual.org\/staging-ctc\/wp-content\/uploads\/2025\/02\/thirdman.webp\" class=\"attachment-46 size-46 wp-post-image\" alt=\"\" full=\"\" srcset=\"https:\/\/consumidorestalcual.org\/staging-ctc\/wp-content\/uploads\/2025\/02\/thirdman.webp 1920w, https:\/\/consumidorestalcual.org\/staging-ctc\/wp-content\/uploads\/2025\/02\/thirdman-300x200.webp 300w, https:\/\/consumidorestalcual.org\/staging-ctc\/wp-content\/uploads\/2025\/02\/thirdman-1024x683.webp 1024w, https:\/\/consumidorestalcual.org\/staging-ctc\/wp-content\/uploads\/2025\/02\/thirdman-768x512.webp 768w, https:\/\/consumidorestalcual.org\/staging-ctc\/wp-content\/uploads\/2025\/02\/thirdman-1536x1024.webp 1536w\" sizes=\"(max-width: 1920px) 100vw, 1920px\" \/>                <\/a>\r\n            <\/div>\r\n            \r\n            <div class=\"blog-content-two\">\r\n\r\n                <div class=\"blog-meta\">\r\n                    <ul class=\"list-wrap\">\r\n                        <li><i class=\"fal fa-user\"><\/i><a\r\n                                href=\"https:\/\/consumidorestalcual.org\/staging-ctc\/author\/admin\/\">admin<\/a>\r\n                        <\/li>\r\n                        <li><i class=\"fal fa-calendar\"><\/i>March 11, 2023<\/li>\r\n                    <\/ul>\r\n                <\/div>\r\n\r\n                <h2 class=\"title\"><a\r\n                        href=\"https:\/\/consumidorestalcual.org\/staging-ctc\/designing-birthday-picker-ux-simpler-is-better\/\">\u00bfQu\u00e9 es y para qu\u00e9 sirve<\/a>\r\n                <\/h2>\r\n\r\n                            <\/div>\r\n        <\/div>\r\n    <\/div>\r\n    <\/div>\r\n\r\n\r\n\r\n\r\n\t\t\t\t<\/div>\n\t\t\t\t<\/div>\n\t\t\t\t<div class=\"elementor-element elementor-element-193e287 elementor-widget elementor-widget-tp-btn\" data-id=\"193e287\" data-element_type=\"widget\" data-e-type=\"widget\" id=\"load-more-posts\" data-widget_type=\"tp-btn.default\">\n\t\t\t\t<div class=\"elementor-widget-container\">\n\t\t\t\t\t\r\n        \r\n                            <a href=\"#\" rel=\"nofollow\" class=\"btn\">\r\n                    Ver m\u00e1s<span><\/span>\r\n                <\/a>\r\n            \r\n        \r\n\t\t\t\t<\/div>\n\t\t\t\t<\/div>\n\t\t\t\t<\/div>\n\t\t<div class=\"elementor-element elementor-element-7e80530f e-con-full e-flex e-con e-parent\" data-id=\"7e80530f\" data-element_type=\"container\" data-e-type=\"container\" data-settings=\"{&quot;background_background&quot;:&quot;classic&quot;}\">\n\t\t<div class=\"elementor-element elementor-element-51d3e5db e-con-full e-flex e-con e-child\" data-id=\"51d3e5db\" data-element_type=\"container\" data-e-type=\"container\">\n\t\t\t\t<div class=\"elementor-element elementor-element-7b179d6c elementor-widget elementor-widget-heading\" data-id=\"7b179d6c\" data-element_type=\"widget\" data-e-type=\"widget\" data-widget_type=\"heading.default\">\n\t\t\t\t\t<h2 class=\"elementor-heading-title elementor-size-default\">\u00a1Mant\u00e9ngase enterado de lo que pasa \ncon sus derechos!<\/h2>\t\t\t\t<\/div>\n\t\t\t\t<div class=\"elementor-element elementor-element-da5885e elementor-widget elementor-widget-heading\" data-id=\"da5885e\" data-element_type=\"widget\" data-e-type=\"widget\" data-widget_type=\"heading.default\">\n\t\t\t\t\t<p class=\"elementor-heading-title elementor-size-default\">Ent\u00e9rese de las novedades de su inter\u00e9s y reciba gu\u00edas y recursos \u00fatiles para hacer valer sus derechos, directamente en su correo electr\u00f3nico.<\/p>\t\t\t\t<\/div>\n\t\t\t\t<\/div>\n\t\t<div class=\"elementor-element elementor-element-364d682 e-con-full e-flex e-con e-child\" data-id=\"364d682\" data-element_type=\"container\" data-e-type=\"container\">\n\t\t\t\t<div class=\"elementor-element elementor-element-c9adca4 elementor-widget elementor-widget-tp-btn\" data-id=\"c9adca4\" data-element_type=\"widget\" data-e-type=\"widget\" data-widget_type=\"tp-btn.default\">\n\t\t\t\t<div class=\"elementor-widget-container\">\n\t\t\t\t\t\r\n        \r\n            \r\n        \r\n\t\t\t\t<\/div>\n\t\t\t\t<\/div>\n\t\t\t\t<\/div>\n\t\t\t\t<\/div>\n\t\t\t\t<\/div>\n\t\t","protected":false},"excerpt":{"rendered":"<p>Descubra c\u00f3mo estamos trabajando por sus derechos con nuestros proyectos Compartimos algunas acciones clave relacionadas con la exigencia de derechos y las pol\u00edticas de alimentaci\u00f3n. Le contamos&#8230; Conozca lo que estamos haciendo en la Liga de Consumidores Con Tal Cual admin May 13, 2025 \u00bfQu\u00e9 es la publicidad enga\u00f1osa? admin February 9, 2025 Garant\u00eda legal: [&hellip;]<\/p>\n","protected":false},"author":1,"featured_media":0,"parent":0,"menu_order":0,"comment_status":"closed","ping_status":"closed","template":"elementor_header_footer","meta":{"_acf_changed":false,"footnotes":""},"class_list":["post-2869","page","type-page","status-publish","hentry"],"acf":[],"yoast_head":"<!-- This site is optimized with the Yoast SEO plugin v27.3 - https:\/\/yoast.com\/product\/yoast-seo-wordpress\/ -->\n<title>Novedades - La liga de Consumidores con Tal Cual<\/title>\n<meta name=\"robots\" content=\"index, follow, max-snippet:-1, max-image-preview:large, max-video-preview:-1\" \/>\n<link rel=\"canonical\" href=\"https:\/\/consumidorestalcual.org\/staging-ctc\/novedades\/\" \/>\n<meta property=\"og:locale\" content=\"en_US\" \/>\n<meta property=\"og:type\" content=\"article\" \/>\n<meta property=\"og:title\" content=\"Novedades - La liga de Consumidores con Tal Cual\" \/>\n<meta property=\"og:description\" content=\"Descubra c\u00f3mo estamos trabajando por sus derechos con nuestros proyectos Compartimos algunas acciones clave relacionadas con la exigencia de derechos y las pol\u00edticas de alimentaci\u00f3n. Le contamos&#8230; Conozca lo que estamos haciendo en la Liga de Consumidores Con Tal Cual admin May 13, 2025 \u00bfQu\u00e9 es la publicidad enga\u00f1osa? admin February 9, 2025 Garant\u00eda legal: [&hellip;]\" \/>\n<meta property=\"og:url\" content=\"https:\/\/consumidorestalcual.org\/staging-ctc\/novedades\/\" \/>\n<meta property=\"og:site_name\" content=\"La liga de Consumidores con Tal Cual\" \/>\n<meta property=\"article:modified_time\" content=\"2025-09-05T17:28:32+00:00\" \/>\n<meta property=\"og:image\" content=\"https:\/\/consumidorestalcual.org\/staging-ctc\/wp-content\/uploads\/2025\/04\/noticias.webp\" \/>\n\t<meta property=\"og:image:width\" content=\"1920\" \/>\n\t<meta property=\"og:image:height\" content=\"500\" \/>\n\t<meta property=\"og:image:type\" content=\"image\/webp\" \/>\n<meta name=\"twitter:card\" content=\"summary_large_image\" \/>\n<meta name=\"twitter:label1\" content=\"Est. reading time\" \/>\n\t<meta name=\"twitter:data1\" content=\"2 minutes\" \/>\n<script type=\"application\/ld+json\" class=\"yoast-schema-graph\">{\"@context\":\"https:\\\/\\\/schema.org\",\"@graph\":[{\"@type\":\"WebPage\",\"@id\":\"https:\\\/\\\/consumidorestalcual.org\\\/staging-ctc\\\/novedades\\\/\",\"url\":\"https:\\\/\\\/consumidorestalcual.org\\\/staging-ctc\\\/novedades\\\/\",\"name\":\"Novedades - La liga de Consumidores con Tal Cual\",\"isPartOf\":{\"@id\":\"https:\\\/\\\/consumidorestalcual.org\\\/staging-ctc\\\/#website\"},\"primaryImageOfPage\":{\"@id\":\"https:\\\/\\\/consumidorestalcual.org\\\/staging-ctc\\\/novedades\\\/#primaryimage\"},\"image\":{\"@id\":\"https:\\\/\\\/consumidorestalcual.org\\\/staging-ctc\\\/novedades\\\/#primaryimage\"},\"thumbnailUrl\":\"https:\\\/\\\/consumidorestalcual.org\\\/staging-ctc\\\/wp-content\\\/uploads\\\/2025\\\/04\\\/noticias.webp\",\"datePublished\":\"2025-02-07T01:34:53+00:00\",\"dateModified\":\"2025-09-05T17:28:32+00:00\",\"breadcrumb\":{\"@id\":\"https:\\\/\\\/consumidorestalcual.org\\\/staging-ctc\\\/novedades\\\/#breadcrumb\"},\"inLanguage\":\"en\",\"potentialAction\":[{\"@type\":\"ReadAction\",\"target\":[\"https:\\\/\\\/consumidorestalcual.org\\\/staging-ctc\\\/novedades\\\/\"]}]},{\"@type\":\"ImageObject\",\"inLanguage\":\"en\",\"@id\":\"https:\\\/\\\/consumidorestalcual.org\\\/staging-ctc\\\/novedades\\\/#primaryimage\",\"url\":\"https:\\\/\\\/consumidorestalcual.org\\\/staging-ctc\\\/wp-content\\\/uploads\\\/2025\\\/04\\\/noticias.webp\",\"contentUrl\":\"https:\\\/\\\/consumidorestalcual.org\\\/staging-ctc\\\/wp-content\\\/uploads\\\/2025\\\/04\\\/noticias.webp\",\"width\":1920,\"height\":500},{\"@type\":\"BreadcrumbList\",\"@id\":\"https:\\\/\\\/consumidorestalcual.org\\\/staging-ctc\\\/novedades\\\/#breadcrumb\",\"itemListElement\":[{\"@type\":\"ListItem\",\"position\":1,\"name\":\"Home\",\"item\":\"https:\\\/\\\/consumidorestalcual.org\\\/staging-ctc\\\/\"},{\"@type\":\"ListItem\",\"position\":2,\"name\":\"Novedades\"}]},{\"@type\":\"WebSite\",\"@id\":\"https:\\\/\\\/consumidorestalcual.org\\\/staging-ctc\\\/#website\",\"url\":\"https:\\\/\\\/consumidorestalcual.org\\\/staging-ctc\\\/\",\"name\":\"Consumidores Tal Cual\",\"description\":\"\",\"potentialAction\":[{\"@type\":\"SearchAction\",\"target\":{\"@type\":\"EntryPoint\",\"urlTemplate\":\"https:\\\/\\\/consumidorestalcual.org\\\/staging-ctc\\\/?s={search_term_string}\"},\"query-input\":{\"@type\":\"PropertyValueSpecification\",\"valueRequired\":true,\"valueName\":\"search_term_string\"}}],\"inLanguage\":\"en\"}]}<\/script>\n<!-- \/ Yoast SEO plugin. -->","yoast_head_json":{"title":"Novedades - La liga de Consumidores con Tal Cual","robots":{"index":"index","follow":"follow","max-snippet":"max-snippet:-1","max-image-preview":"max-image-preview:large","max-video-preview":"max-video-preview:-1"},"canonical":"https:\/\/consumidorestalcual.org\/staging-ctc\/novedades\/","og_locale":"en_US","og_type":"article","og_title":"Novedades - La liga de Consumidores con Tal Cual","og_description":"Descubra c\u00f3mo estamos trabajando por sus derechos con nuestros proyectos Compartimos algunas acciones clave relacionadas con la exigencia de derechos y las pol\u00edticas de alimentaci\u00f3n. Le contamos&#8230; Conozca lo que estamos haciendo en la Liga de Consumidores Con Tal Cual admin May 13, 2025 \u00bfQu\u00e9 es la publicidad enga\u00f1osa? admin February 9, 2025 Garant\u00eda legal: [&hellip;]","og_url":"https:\/\/consumidorestalcual.org\/staging-ctc\/novedades\/","og_site_name":"La liga de Consumidores con Tal Cual","article_modified_time":"2025-09-05T17:28:32+00:00","og_image":[{"width":1920,"height":500,"url":"https:\/\/consumidorestalcual.org\/staging-ctc\/wp-content\/uploads\/2025\/04\/noticias.webp","type":"image\/webp"}],"twitter_card":"summary_large_image","twitter_misc":{"Est. reading time":"2 minutes"},"schema":{"@context":"https:\/\/schema.org","@graph":[{"@type":"WebPage","@id":"https:\/\/consumidorestalcual.org\/staging-ctc\/novedades\/","url":"https:\/\/consumidorestalcual.org\/staging-ctc\/novedades\/","name":"Novedades - La liga de Consumidores con Tal Cual","isPartOf":{"@id":"https:\/\/consumidorestalcual.org\/staging-ctc\/#website"},"primaryImageOfPage":{"@id":"https:\/\/consumidorestalcual.org\/staging-ctc\/novedades\/#primaryimage"},"image":{"@id":"https:\/\/consumidorestalcual.org\/staging-ctc\/novedades\/#primaryimage"},"thumbnailUrl":"https:\/\/consumidorestalcual.org\/staging-ctc\/wp-content\/uploads\/2025\/04\/noticias.webp","datePublished":"2025-02-07T01:34:53+00:00","dateModified":"2025-09-05T17:28:32+00:00","breadcrumb":{"@id":"https:\/\/consumidorestalcual.org\/staging-ctc\/novedades\/#breadcrumb"},"inLanguage":"en","potentialAction":[{"@type":"ReadAction","target":["https:\/\/consumidorestalcual.org\/staging-ctc\/novedades\/"]}]},{"@type":"ImageObject","inLanguage":"en","@id":"https:\/\/consumidorestalcual.org\/staging-ctc\/novedades\/#primaryimage","url":"https:\/\/consumidorestalcual.org\/staging-ctc\/wp-content\/uploads\/2025\/04\/noticias.webp","contentUrl":"https:\/\/consumidorestalcual.org\/staging-ctc\/wp-content\/uploads\/2025\/04\/noticias.webp","width":1920,"height":500},{"@type":"BreadcrumbList","@id":"https:\/\/consumidorestalcual.org\/staging-ctc\/novedades\/#breadcrumb","itemListElement":[{"@type":"ListItem","position":1,"name":"Home","item":"https:\/\/consumidorestalcual.org\/staging-ctc\/"},{"@type":"ListItem","position":2,"name":"Novedades"}]},{"@type":"WebSite","@id":"https:\/\/consumidorestalcual.org\/staging-ctc\/#website","url":"https:\/\/consumidorestalcual.org\/staging-ctc\/","name":"Consumidores Tal Cual","description":"","potentialAction":[{"@type":"SearchAction","target":{"@type":"EntryPoint","urlTemplate":"https:\/\/consumidorestalcual.org\/staging-ctc\/?s={search_term_string}"},"query-input":{"@type":"PropertyValueSpecification","valueRequired":true,"valueName":"search_term_string"}}],"inLanguage":"en"}]}},"_links":{"self":[{"href":"https:\/\/consumidorestalcual.org\/staging-ctc\/wp-json\/wp\/v2\/pages\/2869","targetHints":{"allow":["GET"]}}],"collection":[{"href":"https:\/\/consumidorestalcual.org\/staging-ctc\/wp-json\/wp\/v2\/pages"}],"about":[{"href":"https:\/\/consumidorestalcual.org\/staging-ctc\/wp-json\/wp\/v2\/types\/page"}],"author":[{"embeddable":true,"href":"https:\/\/consumidorestalcual.org\/staging-ctc\/wp-json\/wp\/v2\/users\/1"}],"replies":[{"embeddable":true,"href":"https:\/\/consumidorestalcual.org\/staging-ctc\/wp-json\/wp\/v2\/comments?post=2869"}],"version-history":[{"count":57,"href":"https:\/\/consumidorestalcual.org\/staging-ctc\/wp-json\/wp\/v2\/pages\/2869\/revisions"}],"predecessor-version":[{"id":4248,"href":"https:\/\/consumidorestalcual.org\/staging-ctc\/wp-json\/wp\/v2\/pages\/2869\/revisions\/4248"}],"wp:attachment":[{"href":"https:\/\/consumidorestalcual.org\/staging-ctc\/wp-json\/wp\/v2\/media?parent=2869"}],"curies":[{"name":"wp","href":"https:\/\/api.w.org\/{rel}","templated":true}]}}